{"id":58717,"date":"2023-04-01T16:17:38","date_gmt":"2023-04-01T16:17:38","guid":{"rendered":"https:\/\/capaia.com\/product\/capaia-shiraz-2019\/"},"modified":"2024-04-03T16:00:51","modified_gmt":"2024-04-03T16:00:51","slug":"capaia-shiraz-2019","status":"publish","type":"product","link":"https:\/\/capaia.com\/de\/produkt\/capaia-shiraz-2019\/","title":{"rendered":"CAPAIA SHIRAZ 2019"},"content":{"rendered":"<h6>Alterungspotenzial<\/h6>\n<p>10 Jahre ab Jahrgang.<\/p>\n<h6>Rebsorten<\/h6>\n<p>100% Shiraz<\/p>\n<h6>Informationen Kellerei<\/h6>\n<p>Von Zeit zu Zeit, je nach Jahrgang und verf\u00fcgbaren Trauben, legt Capaia eine Sonderedition des Shiraz als Rebsortenwein auf. Dieser Shiraz wurde einer nat\u00fcrlichen G\u00e4rung in gro\u00dfen G\u00e4rbeh\u00e4ltern aus franz\u00f6sischer Eiche unterzogen. Der Ausbau erfolgte f\u00fcr insgesamt 12 Monate in F\u00e4ssern aus franz\u00f6sischer Eiche (2. Abf\u00fcllung).<\/p>\n<h6>Zus\u00e4tzliche Informationen<\/h6>\n<p>Angesichts des sp\u00e4ten Beginns der Wintersaison vor der Ernte 2019 waren reichhaltige Niederschl\u00e4ge nach einer dreij\u00e4hrigen D\u00fcrre sehr willkommen. Das Fr\u00fchjahr war von starken Wetterschwankungen gepr\u00e4gt, doch mit Beginn des Sommers verbesserten sich die Bedingungen. Die Temperaturen lagen im Dezember und Januar im moderaten Bereich, gefolgt von einem hei\u00dfen Februar. Die Lese begann etwas sp\u00e4ter als \u00fcblich, versprach jedoch gr\u00f6\u00dfere Ertr\u00e4ge von verhei\u00dfungsvoller Qualit\u00e4t als 2018.<\/p>\n","protected":false},"excerpt":{"rendered":"<p>Dunkler, rubinvioletter Farbton. Reichhaltige Aromen von Beeren mit Ankl\u00e4ngen von Pfeffer und Kr\u00e4utern. Am Gaumen reichhaltig, weich und saftig, voller reifer dunkler Beerenaromen. Die elegante Reifung ergibt einen ausgewogenen, runden, zug\u00e4nglichen und angenehmen Wein mit weichen Tanninen, der am Gaumen lange nachklingt.<\/p>\n","protected":false},"featured_media":59814,"template":"","meta":[],"product_brand":[],"product_cat":[540],"product_tag":[],"class_list":{"0":"post-58717","1":"product","2":"type-product","3":"status-publish","4":"has-post-thumbnail","6":"product_cat-rotwein","7":"description-off","9":"first","10":"instock","11":"taxable","12":"shipping-taxable","13":"product-type-simple"},"_links":{"self":[{"href":"https:\/\/capaia.com\/de\/wp-json\/wp\/v2\/product\/58717","targetHints":{"allow":["GET"]}}],"collection":[{"href":"https:\/\/capaia.com\/de\/wp-json\/wp\/v2\/product"}],"about":[{"href":"https:\/\/capaia.com\/de\/wp-json\/wp\/v2\/types\/product"}],"wp:featuredmedia":[{"embeddable":true,"href":"https:\/\/capaia.com\/de\/wp-json\/wp\/v2\/media\/59814"}],"wp:attachment":[{"href":"https:\/\/capaia.com\/de\/wp-json\/wp\/v2\/media?parent=58717"}],"wp:term":[{"taxonomy":"product_brand","embeddable":true,"href":"https:\/\/capaia.com\/de\/wp-json\/wp\/v2\/product_brand?post=58717"},{"taxonomy":"product_cat","embeddable":true,"href":"https:\/\/capaia.com\/de\/wp-json\/wp\/v2\/product_cat?post=58717"},{"taxonomy":"product_tag","embeddable":true,"href":"https:\/\/capaia.com\/de\/wp-json\/wp\/v2\/product_tag?post=58717"}],"curies":[{"name":"wp","href":"https:\/\/api.w.org\/{rel}","templated":true}]}}