{"id":58713,"date":"2023-04-01T16:19:41","date_gmt":"2023-04-01T16:19:41","guid":{"rendered":"https:\/\/capaia.com\/product\/capaia-blue-grove-hill-range\/"},"modified":"2024-04-03T16:02:02","modified_gmt":"2024-04-03T16:02:02","slug":"capaia-blue-grove-hill-range","status":"publish","type":"product","link":"https:\/\/capaia.com\/de\/produkt\/capaia-blue-grove-hill-range\/","title":{"rendered":"CAPAIA BLUE GROVE HILL RANGE"},"content":{"rendered":"<h6>Auszeichnungen<\/h6>\n<p>Wine Spectator &#8211; 87 Punkte<br \/>\n5th Asian Wine Competition \u2013 Gold Prize Winner<\/p>\n<h6>Rebsorten<\/h6>\n<p>Merlot; Cabernet Sauvignon<\/p>\n<h6>Zus\u00e4tzliche Informationen<\/h6>\n<p>Der historische Weinkeller von Capaia Wines wird ge\u00f6ffnet, um anspruchsvollen Weinsammlern begrenzte Mengen verschiedener Weine anzubieten. Kleine Chargen der Capaia-Jahrg\u00e4nge ab 2003 wurden zur\u00fcckbehalten und sind nun als &#8222;Privatsammlung von Ingrid Baroness von Essen&#8220; in einer speziell angefertigten Holzkiste auf dem Weingut erh\u00e4ltlich.<\/p>\n<p>Bei dem Sortiment Ingrid Baronin von Essen&#8217;s Private Collection Blue Grove Hill Merlot\/Cabernet Sauvignon handelt es sich um Jahrg\u00e4nge von 2004 bis 2009, darunter auch preisgekr\u00f6nte Weine mit 5-Sterne-Bewertungen durch Wine Magazine und 90+ Bewertungen durch Wine Spectator.<\/p>\n<p>Diese Weine wurden \u00fcber viele Jahre hinweg unter idealen Bedingungen im historischen Keller von Capaia gelagert. Sie sind optimal gereift und bereit f\u00fcr den Genuss oder um einer privaten Sammlung einen au\u00dfergew\u00f6hnlichen Akzent zu verleihen.<\/p>\n","protected":false},"excerpt":{"rendered":"<p>Bei dem Sortiment Ingrid Baronin von Essen&#8217;s Private Collection Blue Grove Hill Merlot\/Cabernet Sauvignon handelt es sich um Jahrg\u00e4nge von 2004 bis 2009, darunter auch preisgekr\u00f6nte Weine mit 5-Sterne-Bewertungen durch Wine Magazine und 90+ Bewertungen durch Wine Spectator.<\/p>\n","protected":false},"featured_media":59722,"template":"","meta":[],"product_brand":[],"product_cat":[547],"product_tag":[],"class_list":{"0":"post-58713","1":"product","2":"type-product","3":"status-publish","4":"has-post-thumbnail","6":"product_cat-collections-de","7":"description-off","9":"first","10":"instock","11":"taxable","12":"shipping-taxable","13":"product-type-simple"},"_links":{"self":[{"href":"https:\/\/capaia.com\/de\/wp-json\/wp\/v2\/product\/58713","targetHints":{"allow":["GET"]}}],"collection":[{"href":"https:\/\/capaia.com\/de\/wp-json\/wp\/v2\/product"}],"about":[{"href":"https:\/\/capaia.com\/de\/wp-json\/wp\/v2\/types\/product"}],"wp:featuredmedia":[{"embeddable":true,"href":"https:\/\/capaia.com\/de\/wp-json\/wp\/v2\/media\/59722"}],"wp:attachment":[{"href":"https:\/\/capaia.com\/de\/wp-json\/wp\/v2\/media?parent=58713"}],"wp:term":[{"taxonomy":"product_brand","embeddable":true,"href":"https:\/\/capaia.com\/de\/wp-json\/wp\/v2\/product_brand?post=58713"},{"taxonomy":"product_cat","embeddable":true,"href":"https:\/\/capaia.com\/de\/wp-json\/wp\/v2\/product_cat?post=58713"},{"taxonomy":"product_tag","embeddable":true,"href":"https:\/\/capaia.com\/de\/wp-json\/wp\/v2\/product_tag?post=58713"}],"curies":[{"name":"wp","href":"https:\/\/api.w.org\/{rel}","templated":true}]}}