{"id":58711,"date":"2023-04-01T16:20:18","date_gmt":"2023-04-01T16:20:18","guid":{"rendered":"https:\/\/capaia.com\/product\/bereich-capaia\/"},"modified":"2024-04-03T16:03:09","modified_gmt":"2024-04-03T16:03:09","slug":"capaia-range","status":"publish","type":"product","link":"https:\/\/capaia.com\/de\/produkt\/capaia-range\/","title":{"rendered":"CAPAIA RANGE"},"content":{"rendered":"<h6>Auszeichnungen<\/h6>\n<p>Weinmagazin &#8211; 5 Sterne<br \/>\nWine Spectator &#8211; 92 Punkte<br \/>\nStephan Tanzer &#8211; 92 Punkte<br \/>\n5th Asian Wine Competition \u2013 Gold Prize Winner<\/p>\n<h6>Zus\u00e4tzliche Informationen<\/h6>\n<p>Der historische Weinkeller von Capaia Wines wird ge\u00f6ffnet, um anspruchsvollen Weinsammlern begrenzte Mengen verschiedener Weine anzubieten. Kleine Chargen der Capaia-Jahrg\u00e4nge ab 2003 wurden zur\u00fcckbehalten und sind nun als &#8222;Privatsammlung von Ingrid Baroness von Essen&#8220; in einer speziell angefertigten Holzkiste auf dem Weingut erh\u00e4ltlich.<\/p>\n<p>Im Sortiment Ingrid Baronin von Essen&#8217;s Private Collection Capaia finden sich Bordeaux-Weine der Jahrg\u00e4nge von 2003 bis 2008, darunter auch preisgekr\u00f6nte Weine mit 5-Sterne-Bewertungen durch Wine Magazine und 90+ Bewertungen durch Wine Spectator.<\/p>\n<p>Diese Weine wurden \u00fcber viele Jahre hinweg unter idealen Bedingungen im historischen Keller von Capaia gelagert. Sie sind optimal gereift und bereit f\u00fcr den Genuss oder um einer privaten Sammlung einen au\u00dfergew\u00f6hnlichen Akzent zu verleihen.<\/p>\n","protected":false},"excerpt":{"rendered":"<p>Im Sortiment Ingrid Baronin von Essen&#8217;s Private Collection Capaia finden sich Bordeaux-Weine der Jahrg\u00e4nge von 2003 bis 2008, darunter auch preisgekr\u00f6nte Weine mit 5-Sterne-Bewertungen durch Wine Magazine und 90+ Bewertungen durch Wine Spectator.<\/p>\n","protected":false},"featured_media":59726,"template":"","meta":[],"product_brand":[],"product_cat":[547],"product_tag":[],"class_list":{"0":"post-58711","1":"product","2":"type-product","3":"status-publish","4":"has-post-thumbnail","6":"product_cat-collections-de","7":"description-off","9":"first","10":"instock","11":"taxable","12":"shipping-taxable","13":"product-type-simple"},"_links":{"self":[{"href":"https:\/\/capaia.com\/de\/wp-json\/wp\/v2\/product\/58711","targetHints":{"allow":["GET"]}}],"collection":[{"href":"https:\/\/capaia.com\/de\/wp-json\/wp\/v2\/product"}],"about":[{"href":"https:\/\/capaia.com\/de\/wp-json\/wp\/v2\/types\/product"}],"wp:featuredmedia":[{"embeddable":true,"href":"https:\/\/capaia.com\/de\/wp-json\/wp\/v2\/media\/59726"}],"wp:attachment":[{"href":"https:\/\/capaia.com\/de\/wp-json\/wp\/v2\/media?parent=58711"}],"wp:term":[{"taxonomy":"product_brand","embeddable":true,"href":"https:\/\/capaia.com\/de\/wp-json\/wp\/v2\/product_brand?post=58711"},{"taxonomy":"product_cat","embeddable":true,"href":"https:\/\/capaia.com\/de\/wp-json\/wp\/v2\/product_cat?post=58711"},{"taxonomy":"product_tag","embeddable":true,"href":"https:\/\/capaia.com\/de\/wp-json\/wp\/v2\/product_tag?post=58711"}],"curies":[{"name":"wp","href":"https:\/\/api.w.org\/{rel}","templated":true}]}}