{"id":58227,"date":"2023-03-22T22:34:28","date_gmt":"2023-03-22T22:34:28","guid":{"rendered":"https:\/\/capaia.com\/wein\/"},"modified":"2024-04-03T15:06:47","modified_gmt":"2024-04-03T15:06:47","slug":"wein","status":"publish","type":"page","link":"https:\/\/capaia.com\/de\/wein\/","title":{"rendered":"Wein"},"content":{"rendered":"\t\t<div data-elementor-type=\"wp-page\" data-elementor-id=\"58227\" class=\"elementor elementor-58227 elementor-3861\" data-elementor-post-type=\"page\">\n\t\t\t\t\t\t<section class=\"elementor-section elementor-top-section elementor-element elementor-element-cdf6dd5 elementor-section-boxed elementor-section-height-default elementor-section-height-default\" data-id=\"cdf6dd5\" data-element_type=\"section\" data-e-type=\"section\">\n\t\t\t\t\t\t<div class=\"elementor-container elementor-column-gap-default\">\n\t\t\t\t\t<div class=\"elementor-column elementor-col-100 elementor-top-column elementor-element elementor-element-97d4c3e\" data-id=\"97d4c3e\" data-element_type=\"column\" data-e-type=\"column\">\n\t\t\t<div class=\"elementor-widget-wrap elementor-element-populated\">\n\t\t\t\t\t\t<div class=\"elementor-element elementor-element-8e209ff icon-box-vertical-align-center img-align-left image-vertical-align-start slide-h-position-left elementor-widget elementor-widget-the7-elements-woo-simple-products\" data-id=\"8e209ff\" data-element_type=\"widget\" data-e-type=\"widget\" data-widget_type=\"the7-elements-woo-simple-products.default\">\n\t\t\t\t<div class=\"elementor-widget-container\">\n\t\t\t\t\t<div class=\"the7-related-products the7-simple-widget-products the7-elementor-widget the7-elements-woo-simple-products-8e209ff jquery-filter lazy-loading-mode loading-effect-none jquery-filter lazy-loading-mode\" data-post-limit=\"10\" data-pagination-mode=\"load-more\" data-scroll-offset=\"\" aria-live=\"assertive\"><div class=\"dt-css-grid custom-pagination-handler\" data-columns=\"{&quot;d&quot;:2,&quot;t&quot;:1,&quot;p&quot;:1,&quot;wd&quot;:&quot;&quot;}\"><div class=\"wf-cell visible \"><article class=\"post visible wrapper post-59165 product type-product status-publish has-post-thumbnail product_cat-rotwein description-off first instock taxable shipping-taxable product-type-simple\"><div class=\"post-content-wrapper\"><div class=\"the7-simple-post-thumb\"><a class=\"post-thumbnail-rollover layzr-bg img-css-resize-wrapper\" aria-label=\"Product image\" href=\"https:\/\/capaia.com\/de\/produkt\/capaia-2020\/\"><img fetchpriority=\"high\" decoding=\"async\" width=\"1000\" height=\"1000\" src=\"data:image\/svg+xml,%3Csvg%20xmlns%3D&#039;http%3A%2F%2Fwww.w3.org%2F2000%2Fsvg&#039;%20viewBox%3D&#039;0%200%201000%201000&#039;%2F%3E\" class=\"attachment-full size-full preload-me aspect lazy lazy-load\" alt=\"\" sizes=\"(max-width: 1000px) 100vw, 1000px\" style=\"--ratio: 1000 \/ 1000;\" data-src=\"https:\/\/capaia.com\/wp-content\/uploads\/2023\/03\/capaia_2020_accolades-2.jpg\" loading=\"eager\" data-srcset=\"https:\/\/capaia.com\/wp-content\/uploads\/2023\/03\/capaia_2020_accolades-2.jpg 1000w, https:\/\/capaia.com\/wp-content\/uploads\/2023\/03\/capaia_2020_accolades-2-300x300.jpg 300w, https:\/\/capaia.com\/wp-content\/uploads\/2023\/03\/capaia_2020_accolades-2-150x150.jpg 150w, https:\/\/capaia.com\/wp-content\/uploads\/2023\/03\/capaia_2020_accolades-2-768x768.jpg 768w, https:\/\/capaia.com\/wp-content\/uploads\/2023\/03\/capaia_2020_accolades-2-900x900.jpg 900w, https:\/\/capaia.com\/wp-content\/uploads\/2023\/03\/capaia_2020_accolades-2-200x200.jpg 200w\" \/><span class=\"the7-hover-icon\"><\/span><\/a><\/div><div class=\"post-entry-content\"><h3 class=\"heading\"><a href=\"https:\/\/capaia.com\/de\/produkt\/capaia-2020\/\" class=\"product-title\">Capaia 2020 (ex. Capaia One)<\/a><\/h3><p class=\"short-description\">Ein Tiger braucht Zeit, um gez\u00e4hmt zu werden. Reichhaltiges Bouquet von dunklen Beeren. Am vollen Gaumen griffig, mit hellen Fr\u00fcchten&hellip;<\/p><div class=\"woo-buttons\"><a data-product_id=\"59165\" data-product_sku=\"\" aria-label=\"Lese mehr \u00fcber &#8222;Capaia 2020 (ex. Capaia One)&#8220;\" rel=\"nofollow\" href=\"https:\/\/capaia.com\/de\/produkt\/capaia-2020\/\" data-quantity=\"1\" data-widget-id=\"8e209ff\" class=\"product_type_simple box-button elementor-button elementor-size-sm\">Weiterlesen<\/a><\/div><\/div><\/div><\/article><\/div><div class=\"wf-cell visible \"><article class=\"post visible wrapper post-58712 product type-product status-publish has-post-thumbnail product_cat-rotwein description-off  instock taxable shipping-taxable product-type-simple\"><div class=\"post-content-wrapper\"><div class=\"the7-simple-post-thumb\"><a class=\"post-thumbnail-rollover layzr-bg img-css-resize-wrapper\" aria-label=\"Product image\" href=\"https:\/\/capaia.com\/de\/produkt\/capaia-cabernet-sauvignon-merlot-2018\/\"><img decoding=\"async\" width=\"2160\" height=\"2160\" src=\"data:image\/svg+xml,%3Csvg%20xmlns%3D&#039;http%3A%2F%2Fwww.w3.org%2F2000%2Fsvg&#039;%20viewBox%3D&#039;0%200%202160%202160&#039;%2F%3E\" class=\"attachment-full size-full preload-me aspect lazy lazy-load\" alt=\"\" sizes=\"(max-width: 2160px) 100vw, 2160px\" style=\"--ratio: 2160 \/ 2160;\" data-src=\"https:\/\/capaia.com\/wp-content\/uploads\/2023\/04\/Capaia-Cabernet-Sauvignon-Merlot-2019-.jpg\" loading=\"eager\" data-srcset=\"https:\/\/capaia.com\/wp-content\/uploads\/2023\/04\/Capaia-Cabernet-Sauvignon-Merlot-2019-.jpg 2160w, https:\/\/capaia.com\/wp-content\/uploads\/2023\/04\/Capaia-Cabernet-Sauvignon-Merlot-2019--300x300.jpg 300w, https:\/\/capaia.com\/wp-content\/uploads\/2023\/04\/Capaia-Cabernet-Sauvignon-Merlot-2019--1024x1024.jpg 1024w, https:\/\/capaia.com\/wp-content\/uploads\/2023\/04\/Capaia-Cabernet-Sauvignon-Merlot-2019--150x150.jpg 150w, https:\/\/capaia.com\/wp-content\/uploads\/2023\/04\/Capaia-Cabernet-Sauvignon-Merlot-2019--768x768.jpg 768w, https:\/\/capaia.com\/wp-content\/uploads\/2023\/04\/Capaia-Cabernet-Sauvignon-Merlot-2019--1536x1536.jpg 1536w, https:\/\/capaia.com\/wp-content\/uploads\/2023\/04\/Capaia-Cabernet-Sauvignon-Merlot-2019--2048x2048.jpg 2048w, https:\/\/capaia.com\/wp-content\/uploads\/2023\/04\/Capaia-Cabernet-Sauvignon-Merlot-2019--900x900.jpg 900w, https:\/\/capaia.com\/wp-content\/uploads\/2023\/04\/Capaia-Cabernet-Sauvignon-Merlot-2019--200x200.jpg 200w\" \/><span class=\"the7-hover-icon\"><\/span><\/a><\/div><div class=\"post-entry-content\"><h3 class=\"heading\"><a href=\"https:\/\/capaia.com\/de\/produkt\/capaia-cabernet-sauvignon-merlot-2018\/\" class=\"product-title\">CAPAIA CABERNET SAUVIGNON \/ MERLOT 2019<\/a><\/h3><p class=\"short-description\">Dieser Wein ist von den Aromen s\u00fc\u00dfer roter Kirschen und Preiselbeeren gepr\u00e4gt. Am Gaumen ist er reich an Textur mit&hellip;<\/p><div class=\"woo-buttons\"><a data-product_id=\"58712\" data-product_sku=\"\" aria-label=\"Lese mehr \u00fcber &#8222;CAPAIA CABERNET SAUVIGNON \/ MERLOT 2019&#8220;\" rel=\"nofollow\" href=\"https:\/\/capaia.com\/de\/produkt\/capaia-cabernet-sauvignon-merlot-2018\/\" data-quantity=\"1\" data-widget-id=\"8e209ff\" class=\"product_type_simple box-button elementor-button elementor-size-sm\">Weiterlesen<\/a><\/div><\/div><\/div><\/article><\/div><div class=\"wf-cell visible \"><article class=\"post visible wrapper post-58717 product type-product status-publish has-post-thumbnail product_cat-rotwein description-off  instock taxable shipping-taxable product-type-simple\"><div class=\"post-content-wrapper\"><div class=\"the7-simple-post-thumb\"><a class=\"post-thumbnail-rollover layzr-bg img-css-resize-wrapper\" aria-label=\"Product image\" href=\"https:\/\/capaia.com\/de\/produkt\/capaia-shiraz-2019\/\"><img decoding=\"async\" width=\"2160\" height=\"2160\" src=\"data:image\/svg+xml,%3Csvg%20xmlns%3D&#039;http%3A%2F%2Fwww.w3.org%2F2000%2Fsvg&#039;%20viewBox%3D&#039;0%200%202160%202160&#039;%2F%3E\" class=\"attachment-full size-full preload-me aspect lazy lazy-load\" alt=\"\" sizes=\"(max-width: 2160px) 100vw, 2160px\" style=\"--ratio: 2160 \/ 2160;\" data-src=\"https:\/\/capaia.com\/wp-content\/uploads\/2023\/04\/Capaia-Shiraz-2019-1.jpg\" loading=\"eager\" data-srcset=\"https:\/\/capaia.com\/wp-content\/uploads\/2023\/04\/Capaia-Shiraz-2019-1.jpg 2160w, https:\/\/capaia.com\/wp-content\/uploads\/2023\/04\/Capaia-Shiraz-2019-1-300x300.jpg 300w, https:\/\/capaia.com\/wp-content\/uploads\/2023\/04\/Capaia-Shiraz-2019-1-1024x1024.jpg 1024w, https:\/\/capaia.com\/wp-content\/uploads\/2023\/04\/Capaia-Shiraz-2019-1-150x150.jpg 150w, https:\/\/capaia.com\/wp-content\/uploads\/2023\/04\/Capaia-Shiraz-2019-1-768x768.jpg 768w, https:\/\/capaia.com\/wp-content\/uploads\/2023\/04\/Capaia-Shiraz-2019-1-1536x1536.jpg 1536w, https:\/\/capaia.com\/wp-content\/uploads\/2023\/04\/Capaia-Shiraz-2019-1-2048x2048.jpg 2048w, https:\/\/capaia.com\/wp-content\/uploads\/2023\/04\/Capaia-Shiraz-2019-1-900x900.jpg 900w, https:\/\/capaia.com\/wp-content\/uploads\/2023\/04\/Capaia-Shiraz-2019-1-200x200.jpg 200w\" \/><span class=\"the7-hover-icon\"><\/span><\/a><\/div><div class=\"post-entry-content\"><h3 class=\"heading\"><a href=\"https:\/\/capaia.com\/de\/produkt\/capaia-shiraz-2019\/\" class=\"product-title\">CAPAIA SHIRAZ 2019<\/a><\/h3><p class=\"short-description\">Dunkler, rubinvioletter Farbton. Reichhaltige Aromen von Beeren mit Ankl\u00e4ngen von Pfeffer und Kr\u00e4utern. Am Gaumen reichhaltig, weich und saftig, voller&hellip;<\/p><div class=\"woo-buttons\"><a data-product_id=\"58717\" data-product_sku=\"\" aria-label=\"Lese mehr \u00fcber &#8222;CAPAIA SHIRAZ 2019&#8220;\" rel=\"nofollow\" href=\"https:\/\/capaia.com\/de\/produkt\/capaia-shiraz-2019\/\" data-quantity=\"1\" data-widget-id=\"8e209ff\" class=\"product_type_simple box-button elementor-button elementor-size-sm\">Weiterlesen<\/a><\/div><\/div><\/div><\/article><\/div><div class=\"wf-cell visible \"><article class=\"post visible wrapper post-58713 product type-product status-publish has-post-thumbnail product_cat-collections-de description-off last instock taxable shipping-taxable product-type-simple\"><div class=\"post-content-wrapper\"><div class=\"the7-simple-post-thumb\"><a class=\"post-thumbnail-rollover layzr-bg img-css-resize-wrapper\" aria-label=\"Product image\" href=\"https:\/\/capaia.com\/de\/produkt\/capaia-blue-grove-hill-range\/\"><img decoding=\"async\" width=\"1000\" height=\"1000\" src=\"data:image\/svg+xml,%3Csvg%20xmlns%3D&#039;http%3A%2F%2Fwww.w3.org%2F2000%2Fsvg&#039;%20viewBox%3D&#039;0%200%201000%201000&#039;%2F%3E\" class=\"attachment-full size-full preload-me aspect lazy lazy-load\" alt=\"\" sizes=\"(max-width: 1000px) 100vw, 1000px\" style=\"--ratio: 1000 \/ 1000;\" data-src=\"https:\/\/capaia.com\/wp-content\/uploads\/2023\/04\/CAPAIA-BLUE-GROVE-HILL-RANGE.jpg\" loading=\"eager\" data-srcset=\"https:\/\/capaia.com\/wp-content\/uploads\/2023\/04\/CAPAIA-BLUE-GROVE-HILL-RANGE.jpg 1000w, https:\/\/capaia.com\/wp-content\/uploads\/2023\/04\/CAPAIA-BLUE-GROVE-HILL-RANGE-300x300.jpg 300w, https:\/\/capaia.com\/wp-content\/uploads\/2023\/04\/CAPAIA-BLUE-GROVE-HILL-RANGE-150x150.jpg 150w, https:\/\/capaia.com\/wp-content\/uploads\/2023\/04\/CAPAIA-BLUE-GROVE-HILL-RANGE-768x768.jpg 768w, https:\/\/capaia.com\/wp-content\/uploads\/2023\/04\/CAPAIA-BLUE-GROVE-HILL-RANGE-900x900.jpg 900w, https:\/\/capaia.com\/wp-content\/uploads\/2023\/04\/CAPAIA-BLUE-GROVE-HILL-RANGE-200x200.jpg 200w\" \/><span class=\"the7-hover-icon\"><\/span><\/a><\/div><div class=\"post-entry-content\"><h3 class=\"heading\"><a href=\"https:\/\/capaia.com\/de\/produkt\/capaia-blue-grove-hill-range\/\" class=\"product-title\">CAPAIA BLUE GROVE HILL RANGE<\/a><\/h3><p class=\"short-description\">Bei dem Sortiment Ingrid Baronin von Essen's Private Collection Blue Grove Hill Merlot\/Cabernet Sauvignon handelt es sich um Jahrg\u00e4nge von&hellip;<\/p><div class=\"woo-buttons\"><a data-product_id=\"58713\" data-product_sku=\"\" aria-label=\"Lese mehr \u00fcber &#8222;CAPAIA BLUE GROVE HILL RANGE&#8220;\" rel=\"nofollow\" href=\"https:\/\/capaia.com\/de\/produkt\/capaia-blue-grove-hill-range\/\" data-quantity=\"1\" data-widget-id=\"8e209ff\" class=\"product_type_simple box-button elementor-button elementor-size-sm\">Weiterlesen<\/a><\/div><\/div><\/div><\/article><\/div><div class=\"wf-cell visible \"><article class=\"post visible wrapper post-58711 product type-product status-publish has-post-thumbnail product_cat-collections-de description-off first instock taxable shipping-taxable product-type-simple\"><div class=\"post-content-wrapper\"><div class=\"the7-simple-post-thumb\"><a class=\"post-thumbnail-rollover layzr-bg img-css-resize-wrapper\" aria-label=\"Product image\" href=\"https:\/\/capaia.com\/de\/produkt\/capaia-range\/\"><img decoding=\"async\" width=\"1000\" height=\"1000\" src=\"data:image\/svg+xml,%3Csvg%20xmlns%3D&#039;http%3A%2F%2Fwww.w3.org%2F2000%2Fsvg&#039;%20viewBox%3D&#039;0%200%201000%201000&#039;%2F%3E\" class=\"attachment-full size-full preload-me aspect lazy lazy-load\" alt=\"\" sizes=\"(max-width: 1000px) 100vw, 1000px\" style=\"--ratio: 1000 \/ 1000;\" data-src=\"https:\/\/capaia.com\/wp-content\/uploads\/2023\/04\/CAPAIA-RANGE-01.jpg\" loading=\"eager\" data-srcset=\"https:\/\/capaia.com\/wp-content\/uploads\/2023\/04\/CAPAIA-RANGE-01.jpg 1000w, https:\/\/capaia.com\/wp-content\/uploads\/2023\/04\/CAPAIA-RANGE-01-300x300.jpg 300w, https:\/\/capaia.com\/wp-content\/uploads\/2023\/04\/CAPAIA-RANGE-01-150x150.jpg 150w, https:\/\/capaia.com\/wp-content\/uploads\/2023\/04\/CAPAIA-RANGE-01-768x768.jpg 768w, https:\/\/capaia.com\/wp-content\/uploads\/2023\/04\/CAPAIA-RANGE-01-900x900.jpg 900w, https:\/\/capaia.com\/wp-content\/uploads\/2023\/04\/CAPAIA-RANGE-01-200x200.jpg 200w\" \/><span class=\"the7-hover-icon\"><\/span><\/a><\/div><div class=\"post-entry-content\"><h3 class=\"heading\"><a href=\"https:\/\/capaia.com\/de\/produkt\/capaia-range\/\" class=\"product-title\">CAPAIA RANGE<\/a><\/h3><p class=\"short-description\">Im Sortiment Ingrid Baronin von Essen's Private Collection Capaia finden sich Bordeaux-Weine der Jahrg\u00e4nge von 2003 bis 2008, darunter auch&hellip;<\/p><div class=\"woo-buttons\"><a data-product_id=\"58711\" data-product_sku=\"\" aria-label=\"Lese mehr \u00fcber &#8222;CAPAIA RANGE&#8220;\" rel=\"nofollow\" href=\"https:\/\/capaia.com\/de\/produkt\/capaia-range\/\" data-quantity=\"1\" data-widget-id=\"8e209ff\" class=\"product_type_simple box-button elementor-button elementor-size-sm\">Weiterlesen<\/a><\/div><\/div><\/div><\/article><\/div><div class=\"wf-cell visible \"><article class=\"post visible wrapper post-59672 product type-product status-publish has-post-thumbnail product_cat-rosewein description-off  instock taxable shipping-taxable product-type-simple\"><div class=\"post-content-wrapper\"><div class=\"the7-simple-post-thumb\"><a class=\"post-thumbnail-rollover layzr-bg img-css-resize-wrapper\" aria-label=\"Product image\" href=\"https:\/\/capaia.com\/de\/produkt\/capaia-rose-2022-copy\/\"><img decoding=\"async\" width=\"1000\" height=\"1000\" src=\"data:image\/svg+xml,%3Csvg%20xmlns%3D&#039;http%3A%2F%2Fwww.w3.org%2F2000%2Fsvg&#039;%20viewBox%3D&#039;0%200%201000%201000&#039;%2F%3E\" class=\"attachment-full size-full preload-me aspect lazy lazy-load\" alt=\"\" sizes=\"(max-width: 1000px) 100vw, 1000px\" style=\"--ratio: 1000 \/ 1000;\" data-src=\"https:\/\/capaia.com\/wp-content\/uploads\/2024\/03\/Capaia-Rose-2023.jpg\" loading=\"eager\" data-srcset=\"https:\/\/capaia.com\/wp-content\/uploads\/2024\/03\/Capaia-Rose-2023.jpg 1000w, https:\/\/capaia.com\/wp-content\/uploads\/2024\/03\/Capaia-Rose-2023-300x300.jpg 300w, https:\/\/capaia.com\/wp-content\/uploads\/2024\/03\/Capaia-Rose-2023-150x150.jpg 150w, https:\/\/capaia.com\/wp-content\/uploads\/2024\/03\/Capaia-Rose-2023-768x768.jpg 768w, https:\/\/capaia.com\/wp-content\/uploads\/2024\/03\/Capaia-Rose-2023-900x900.jpg 900w, https:\/\/capaia.com\/wp-content\/uploads\/2024\/03\/Capaia-Rose-2023-200x200.jpg 200w\" \/><span class=\"the7-hover-icon\"><\/span><\/a><\/div><div class=\"post-entry-content\"><h3 class=\"heading\"><a href=\"https:\/\/capaia.com\/de\/produkt\/capaia-rose-2022-copy\/\" class=\"product-title\">CAPAIA ROS\u00c9 2023<\/a><\/h3><p class=\"short-description\">Erfrischend und leicht, mit knackiger S\u00e4ure und Ankl\u00e4ngen an rote Fr\u00fcchte am Gaumen.<\/p><div class=\"woo-buttons\"><a data-product_id=\"59672\" data-product_sku=\"\" aria-label=\"Lese mehr \u00fcber &#8222;CAPAIA ROS\u00c9 2023&#8220;\" rel=\"nofollow\" href=\"https:\/\/capaia.com\/de\/produkt\/capaia-rose-2022-copy\/\" data-quantity=\"1\" data-widget-id=\"8e209ff\" class=\"product_type_simple box-button elementor-button elementor-size-sm\">Weiterlesen<\/a><\/div><\/div><\/div><\/article><\/div><div class=\"wf-cell visible \"><article class=\"post visible wrapper post-59687 product type-product status-publish has-post-thumbnail product_cat-weiswein description-off  instock taxable shipping-taxable product-type-simple\"><div class=\"post-content-wrapper\"><div class=\"the7-simple-post-thumb\"><a class=\"post-thumbnail-rollover layzr-bg img-css-resize-wrapper\" aria-label=\"Product image\" href=\"https:\/\/capaia.com\/de\/produkt\/capaia-sauvignon-blanc-2022-copy\/\"><img decoding=\"async\" width=\"1000\" height=\"1000\" src=\"data:image\/svg+xml,%3Csvg%20xmlns%3D&#039;http%3A%2F%2Fwww.w3.org%2F2000%2Fsvg&#039;%20viewBox%3D&#039;0%200%201000%201000&#039;%2F%3E\" class=\"attachment-full size-full preload-me aspect lazy lazy-load\" alt=\"\" sizes=\"(max-width: 1000px) 100vw, 1000px\" style=\"--ratio: 1000 \/ 1000;\" data-src=\"https:\/\/capaia.com\/wp-content\/uploads\/2024\/03\/Capaia-Sauvignon-Blanc-2023.jpg\" loading=\"eager\" data-srcset=\"https:\/\/capaia.com\/wp-content\/uploads\/2024\/03\/Capaia-Sauvignon-Blanc-2023.jpg 1000w, https:\/\/capaia.com\/wp-content\/uploads\/2024\/03\/Capaia-Sauvignon-Blanc-2023-300x300.jpg 300w, https:\/\/capaia.com\/wp-content\/uploads\/2024\/03\/Capaia-Sauvignon-Blanc-2023-150x150.jpg 150w, https:\/\/capaia.com\/wp-content\/uploads\/2024\/03\/Capaia-Sauvignon-Blanc-2023-768x768.jpg 768w, https:\/\/capaia.com\/wp-content\/uploads\/2024\/03\/Capaia-Sauvignon-Blanc-2023-900x900.jpg 900w, https:\/\/capaia.com\/wp-content\/uploads\/2024\/03\/Capaia-Sauvignon-Blanc-2023-200x200.jpg 200w\" \/><span class=\"the7-hover-icon\"><\/span><\/a><\/div><div class=\"post-entry-content\"><h3 class=\"heading\"><a href=\"https:\/\/capaia.com\/de\/produkt\/capaia-sauvignon-blanc-2022-copy\/\" class=\"product-title\">Capaia Sauvignon Blanc 2023<\/a><\/h3><p class=\"short-description\">In der Nase Paprika und gr\u00fcne Erbsen. Am Gaumen duftend und vollmundig mit Erbsen aus der Dose und Litschi im&hellip;<\/p><div class=\"woo-buttons\"><a data-product_id=\"59687\" data-product_sku=\"\" aria-label=\"Lese mehr \u00fcber &#8222;Capaia Sauvignon Blanc 2023&#8220;\" rel=\"nofollow\" href=\"https:\/\/capaia.com\/de\/produkt\/capaia-sauvignon-blanc-2022-copy\/\" data-quantity=\"1\" data-widget-id=\"8e209ff\" class=\"product_type_simple box-button elementor-button elementor-size-sm\">Weiterlesen<\/a><\/div><\/div><\/div><\/article><\/div><\/div><div class=\"paginator filter-decorations paginator-more-button filter-pointer-underline filter-animation-fade\">\n\t\t\t\t<a class=\"button-load-more highlighted filter-item\" href=\"javascript:void(0);\" data-dt-page=\"1\" ><span class=\"button-caption\">Mehr laden<\/span><\/a>\n\t\t\t<\/div><\/div>\t\t\t\t<\/div>\n\t\t\t\t<\/div>\n\t\t\t\t\t<\/div>\n\t\t<\/div>\n\t\t\t\t\t<\/div>\n\t\t<\/section>\n\t\t\t\t<\/div>\n\t\t","protected":false},"excerpt":{"rendered":"<p>Capaia 2020 (ex. Capaia One) Tiger needing time to be tamed. Dark berry on the rich nose. Grippy on the full palate with bright fruit&hellip; Read more Capaia ONE 2019 Deep garnet. Tea-leaf and dark berry on the rich nose. Grippy on the full palate with dark fruit and plum&hellip; Read more CAPAIA CABERNET SAUVIGNON&hellip;<\/p>\n","protected":false},"author":1,"featured_media":0,"parent":0,"menu_order":0,"comment_status":"closed","ping_status":"closed","template":"","meta":{"footnotes":""},"class_list":["post-58227","page","type-page","status-publish","hentry","description-off"],"_links":{"self":[{"href":"https:\/\/capaia.com\/de\/wp-json\/wp\/v2\/pages\/58227","targetHints":{"allow":["GET"]}}],"collection":[{"href":"https:\/\/capaia.com\/de\/wp-json\/wp\/v2\/pages"}],"about":[{"href":"https:\/\/capaia.com\/de\/wp-json\/wp\/v2\/types\/page"}],"author":[{"embeddable":true,"href":"https:\/\/capaia.com\/de\/wp-json\/wp\/v2\/users\/1"}],"replies":[{"embeddable":true,"href":"https:\/\/capaia.com\/de\/wp-json\/wp\/v2\/comments?post=58227"}],"version-history":[{"count":7,"href":"https:\/\/capaia.com\/de\/wp-json\/wp\/v2\/pages\/58227\/revisions"}],"predecessor-version":[{"id":59795,"href":"https:\/\/capaia.com\/de\/wp-json\/wp\/v2\/pages\/58227\/revisions\/59795"}],"wp:attachment":[{"href":"https:\/\/capaia.com\/de\/wp-json\/wp\/v2\/media?parent=58227"}],"curies":[{"name":"wp","href":"https:\/\/api.w.org\/{rel}","templated":true}]}}